{"id":95,"date":"2016-07-23T10:35:11","date_gmt":"2016-07-23T10:35:11","guid":{"rendered":"https:\/\/www.h-space.pl\/?page_id=95"},"modified":"2023-03-05T17:04:00","modified_gmt":"2023-03-05T16:04:00","slug":"thanks-acknowledgements-certificates","status":"publish","type":"page","link":"https:\/\/www.h-space.pl\/?page_id=95","title":{"rendered":"Acknowledgments"},"content":{"rendered":"<ul>\n<li><a href=\"https:\/\/www.h-space.pl\/wp-content\/uploads\/2021\/10\/Podziekowanie-OSG-2021-p.-P.-Ziemnicki.pdf\" target=\"_blank\" rel=\"noopener\">Thanks from Europejskie Centrum Biznesu for taking part in Og\u00f3lnopolski Szczyt Gospodarczy 2021 economic summit in Lublin, October 2021<\/a><\/li>\n<li><a href=\"https:\/\/www.h-space.pl\/wp-content\/uploads\/2016\/07\/EFNI-2018-PODZI\u0118KOWANIE-Pan-Pawe\u0142-Ziemnicki.pdf\">Thans from Henryka Bochniarz from Lewiatan for\u00a0leading the panel discussion about space industry during EFNI 2018 Conference<\/a><\/li>\n<li><a href=\"https:\/\/www.h-space.pl\/wp-content\/uploads\/2017\/08\/podzi\u0119kowanie.-P.-Ziemnicki.pdf\">Thanks from Izerska \u0141\u0105ka educational site for leading nightsky observations and astronomy workshops for children in \u015awierad\u00f3w Zdr\u00f3j<\/a><\/li>\n<li><a href=\"https:\/\/www.h-space.pl\/wp-content\/uploads\/2016\/07\/Laski.pdf\">Thanks from the school for blind children in Laski near Warsaw for performing\u00a0a lesson on astronomy for them<\/a><\/li>\n<li><a href=\"https:\/\/www.h-space.pl\/wp-content\/uploads\/2016\/07\/353-002.pdf\">Thanks from the Elementary School number 353 in Warsaw for telling them about Rosetta mission<\/a><\/li>\n<li><a href=\"https:\/\/www.h-space.pl\/wp-content\/uploads\/2016\/07\/Podziekowanie_POLSA.pdf\">Thanks\u00a0from prof. Marek Banaszkiewicz, President of the Polish Space Agency, for taking part in discussion panel during &#8222;Forum Innowacji Sektora Kosmicznego&#8221; conference<\/a><\/li>\n<li><a href=\"https:\/\/www.h-space.pl\/wp-content\/uploads\/2016\/07\/IPS_only.pdf\">Letter of recommendation from Joanne Young, the President of the International Planetarium Society, for my involvement in orginizing IPS2016 Conference<\/a><\/li>\n<li><a href=\"https:\/\/www.h-space.pl\/wp-content\/uploads\/2016\/07\/CCE20160824.pdf\">Thank-you letter from the public school number 3 in Jas\u0142o for helping them collect the money for their trip to Warsaw and telling them about the sky in the planetarium<\/a><\/li>\n<li><a href=\"https:\/\/www.h-space.pl\/wp-content\/uploads\/2023\/03\/Podziekowanie_ESERO_PZ.pdf\" target=\"_blank\" rel=\"noopener\">Acknowledgment from the coordinator for cooperation with ESERO Polska<\/a><\/li>\n<\/ul>\n","protected":false},"excerpt":{"rendered":"<p>Thanks from Europejskie Centrum Biznesu for taking part in Og\u00f3lnopolski Szczyt Gospodarczy 2021 economic summit in Lublin, October 2021 Thans from Henryka Bochniarz from Lewiatan for\u00a0leading the panel discussion about space industry during EFNI 2018 Conference Thanks from Izerska \u0141\u0105ka <a href=\"https:\/\/www.h-space.pl\/?page_id=95\" class=\"read-more\">Read More &#8230;<\/a><\/p>\n","protected":false},"author":1,"featured_media":0,"parent":0,"menu_order":0,"comment_status":"closed","ping_status":"closed","template":"","meta":[],"_links":{"self":[{"href":"https:\/\/www.h-space.pl\/index.php?rest_route=\/wp\/v2\/pages\/95"}],"collection":[{"href":"https:\/\/www.h-space.pl\/index.php?rest_route=\/wp\/v2\/pages"}],"about":[{"href":"https:\/\/www.h-space.pl\/index.php?rest_route=\/wp\/v2\/types\/page"}],"author":[{"embeddable":true,"href":"https:\/\/www.h-space.pl\/index.php?rest_route=\/wp\/v2\/users\/1"}],"replies":[{"embeddable":true,"href":"https:\/\/www.h-space.pl\/index.php?rest_route=%2Fwp%2Fv2%2Fcomments&post=95"}],"version-history":[{"count":14,"href":"https:\/\/www.h-space.pl\/index.php?rest_route=\/wp\/v2\/pages\/95\/revisions"}],"predecessor-version":[{"id":404,"href":"https:\/\/www.h-space.pl\/index.php?rest_route=\/wp\/v2\/pages\/95\/revisions\/404"}],"wp:attachment":[{"href":"https:\/\/www.h-space.pl\/index.php?rest_route=%2Fwp%2Fv2%2Fmedia&parent=95"}],"curies":[{"name":"wp","href":"https:\/\/api.w.org\/{rel}","templated":true}]}}